{"id":34,"date":"2015-10-25T09:14:42","date_gmt":"2015-10-25T08:14:42","guid":{"rendered":"http:\/\/www.highschoolbasketball.it\/?page_id=34"},"modified":"2024-12-28T08:28:49","modified_gmt":"2024-12-28T08:28:49","slug":"minibasket","status":"publish","type":"page","link":"https:\/\/highschoolbasketball.it\/?page_id=34","title":{"rendered":"Gruppo Minibasket (Femminile)"},"content":{"rendered":"<p><img loading=\"lazy\" decoding=\"async\" class=\"alignnone size-medium wp-image-13514\" src=\"https:\/\/highschoolbasketball.it\/wp-content\/uploads\/2024\/12\/Minibasket-225x300.jpg\" alt=\"\" width=\"225\" height=\"300\" srcset=\"https:\/\/highschoolbasketball.it\/wp-content\/uploads\/2024\/12\/Minibasket-225x300.jpg 225w, https:\/\/highschoolbasketball.it\/wp-content\/uploads\/2024\/12\/Minibasket-768x1024.jpg 768w, https:\/\/highschoolbasketball.it\/wp-content\/uploads\/2024\/12\/Minibasket-1152x1536.jpg 1152w, https:\/\/highschoolbasketball.it\/wp-content\/uploads\/2024\/12\/Minibasket.jpg 1500w\" sizes=\"auto, (max-width: 225px) 100vw, 225px\" \/><\/p>\n<p>Il gruppo minibasket, la cui responsabile (Anna Ferracuti) \u00e8 un&#8217;istruttore minibasket di livello nazionale, ha come obiettivo l&#8217;insegnamento della pallacanestro attraverso il gioco, l&#8217;aggregazione, il rispetto delle regole, dei compagni, degli istruttori, dei dirigenti e degli avversari. Tutti i miniatleti hanno diritto allo stesso trattamento e devono avere le stesse opportunit\u00e0, senza lasciare indietro nessuno. Chi \u00e8 pi\u00f9 avanti \u00a0degli altri deve proseguire senza difficolt\u00e0 come chi \u00e8 indietro deve progredire. Sempre secondo le attitudini e capacit\u00e0 personali, divertendosi e impegnandosi. Il compagno pi\u00f9 in difficolt\u00e0 va sostenuto e aiutato: il principio deve essere: \u201csiamo tutti uguali\u201d.<\/p>\n<p>Da qualche anno il nostro minibasket sar\u00e0 composto dalle bambine (quindi scquadra femminile).<\/p>\n<p><a href=\"https:\/\/www.youtube.com\/watch?v=nr3jPhYrzMg\" target=\"_blank\" rel=\"noopener noreferrer\">Vdeo Palestra Aperta<\/a><\/p>\n<p><strong>Istruttori<\/strong>:<\/p>\n<p><a href=\"http:\/\/www.highschoolbasketball.it\/?p=93\">Anna Ferracuti<\/a><\/p>\n<p><a href=\"https:\/\/www.highschoolbasketball.it\/team\/anna-florio\/\">Anna Florio<\/a><\/p>\n<p><a href=\"https:\/\/www.highschoolbasketball.it\/team\/sara-bartoloni\/\">Sara Bartoloni<\/a><\/p>\n<p><a href=\"https:\/\/highschoolbasketball.it\/?team=marina-moreschi\">Marina Moreschi<\/a><\/p>\n<p><a href=\"https:\/\/highschoolbasketball.it\/?team=aurora-cesarini\">Aurora Cesarini<\/a><\/p>\n<p><a href=\"https:\/\/highschoolbasketball.it\/?team=aurora-giardino\">Aurora Giardino<\/a><\/p>\n<p><a href=\"https:\/\/highschoolbasketball.it\/?team=michela-freddini\">Michela Freddini<\/a><\/p>\n","protected":false},"excerpt":{"rendered":"<p>Il gruppo minibasket, la cui responsabile (Anna Ferracuti) \u00e8 un&#8217;istruttore minibasket di livello nazionale, ha come obiettivo l&#8217;insegnamento della pallacanestro attraverso il gioco, l&#8217;aggregazione, il rispetto delle regole, dei compagni, degli istruttori, dei dirigenti e degli avversari. Tutti i miniatleti hanno diritto allo stesso trattamento e devono avere le stesse opportunit\u00e0, senza lasciare indietro nessuno. [&hellip;]<\/p>\n","protected":false},"author":2,"featured_media":0,"parent":80,"menu_order":0,"comment_status":"closed","ping_status":"closed","template":"no-sidebar.php","meta":{"footnotes":""},"class_list":["post-34","page","type-page","status-publish","hentry"],"_links":{"self":[{"href":"https:\/\/highschoolbasketball.it\/index.php?rest_route=\/wp\/v2\/pages\/34","targetHints":{"allow":["GET"]}}],"collection":[{"href":"https:\/\/highschoolbasketball.it\/index.php?rest_route=\/wp\/v2\/pages"}],"about":[{"href":"https:\/\/highschoolbasketball.it\/index.php?rest_route=\/wp\/v2\/types\/page"}],"author":[{"embeddable":true,"href":"https:\/\/highschoolbasketball.it\/index.php?rest_route=\/wp\/v2\/users\/2"}],"replies":[{"embeddable":true,"href":"https:\/\/highschoolbasketball.it\/index.php?rest_route=%2Fwp%2Fv2%2Fcomments&post=34"}],"version-history":[{"count":7,"href":"https:\/\/highschoolbasketball.it\/index.php?rest_route=\/wp\/v2\/pages\/34\/revisions"}],"predecessor-version":[{"id":13524,"href":"https:\/\/highschoolbasketball.it\/index.php?rest_route=\/wp\/v2\/pages\/34\/revisions\/13524"}],"up":[{"embeddable":true,"href":"https:\/\/highschoolbasketball.it\/index.php?rest_route=\/wp\/v2\/pages\/80"}],"wp:attachment":[{"href":"https:\/\/highschoolbasketball.it\/index.php?rest_route=%2Fwp%2Fv2%2Fmedia&parent=34"}],"curies":[{"name":"wp","href":"https:\/\/api.w.org\/{rel}","templated":true}]}}